{"id":110,"date":"2020-04-29T13:40:51","date_gmt":"2020-04-29T13:40:51","guid":{"rendered":"https:\/\/arch-e-motion.de\/?page_id=110"},"modified":"2021-04-25T09:27:53","modified_gmt":"2021-04-25T09:27:53","slug":"schulungen","status":"publish","type":"page","link":"https:\/\/arch-e-motion.de\/?page_id=110","title":{"rendered":"Schulungen"},"content":{"rendered":"\n<p>Softwareschulungen gibt es teilweise wie Sand am Meer, aber es ist bei weitem nicht jeder ausreichend qualifiziert f\u00fcr diese Aufgabe. Nur weil man z.B. Architekt ist und Fachwissen besitzt, bedeutet es nicht das man ein bestimmtes Programm ausreichend gut beherrscht oder was noch wichtiger ist, selbst wenn man ein richtiges Ass in einem Programm ist, hei\u00dft es nicht gleich das man sein Wissen auch gut vermitteln kann. <br><\/p>\n\n\n\n<figure class=\"wp-block-gallery columns-2 is-cropped wp-block-gallery-1 is-layout-flex wp-block-gallery-is-layout-flex\"><ul class=\"blocks-gallery-grid\"><li class=\"blocks-gallery-item\"><figure><img fetchpriority=\"high\" decoding=\"async\" width=\"600\" height=\"374\" src=\"https:\/\/arch-e-motion.de\/wp-content\/uploads\/2020\/04\/Standard-Training.jpg\" alt=\"\" data-id=\"258\" data-link=\"https:\/\/arch-e-motion.de\/?attachment_id=258\" class=\"wp-image-258\" srcset=\"https:\/\/arch-e-motion.de\/wp-content\/uploads\/2020\/04\/Standard-Training.jpg 600w, https:\/\/arch-e-motion.de\/wp-content\/uploads\/2020\/04\/Standard-Training-300x187.jpg 300w\" sizes=\"(max-width: 600px) 100vw, 600px\" \/><\/figure><\/li><li class=\"blocks-gallery-item\"><figure><img decoding=\"async\" width=\"600\" height=\"374\" src=\"https:\/\/arch-e-motion.de\/wp-content\/uploads\/2020\/04\/Praxisgerechtes_Training_image.jpg\" alt=\"\" data-id=\"262\" data-link=\"https:\/\/arch-e-motion.de\/?attachment_id=262\" class=\"wp-image-262\" srcset=\"https:\/\/arch-e-motion.de\/wp-content\/uploads\/2020\/04\/Praxisgerechtes_Training_image.jpg 600w, https:\/\/arch-e-motion.de\/wp-content\/uploads\/2020\/04\/Praxisgerechtes_Training_image-300x187.jpg 300w\" sizes=\"(max-width: 600px) 100vw, 600px\" \/><\/figure><\/li><\/ul><\/figure>\n\n\n\n<p>Ich m\u00f6chte hiermit niemandem auf den Schlips treten, aber meine Erfahrungen und Feedbacks von Teilnehmern best\u00e4tigen die oben genannten Probleme. Oft fehlt einfach der Zugang zu den Teilnehmern oder es wird ein festes Programm strikt abgespult ohne gro\u00dfartig davon abzuweichen. All das beeintr\u00e4chtigt nat\u00fcrlich das pers\u00f6nliche Empfinden und den Lernerfolg enorm. Da wir aber nicht mehr in die Schule gehen, ist es doch sinnvoller das zu machen was die Sch\u00fcler wollen und nicht was der Lehrer will.<\/p>\n\n\n\n<blockquote class=\"wp-block-quote is-layout-flow wp-block-quote-is-layout-flow\"><p>Seit 2009 arbeite ich mit Autodesk Revit und gebe seit 2010 Schulungen. Ich bin zwar kein Architekt oder Ingenieur, aber durch \u00fcber 10 Jahre Erfahrung und <strong>weit <\/strong>\u00fcber 200 Schulungen in verschiedensten Themen, f\u00fcr die verschiedensten Firmen, kann ich Ihnen sehr individuell angepasste und professionelle Schulungen f\u00fcr Revit Architecture, Revit MEP und Revit Structure bieten. <\/p><p>Mein Vorteil ist ganz einfach das ich nicht seit 10 Jahren nur die gleichen Sachen mit Revit mache und mich individuell auf jeden Kunden zumindest teilweise anpasse und dadurch auch sehr unterschiedliche Probleme bew\u00e4ltigen muss. Ich mach die Schulung nicht wie ich es m\u00f6chte, sondern so wie Sie es m\u00f6chten.<\/p><p>Ein weiterer Vorteil ist, dass ich von vornherein alles autodidaktisch gelernt habe&#8230; damals 3dsMax und sp\u00e4ter AutoCAD und dann Revit. Dadurch kenne ich die Problematik sehr gut, etwas komplexes und neues zu lernen und bin stehts bem\u00fcht das alle Teilnehmer zufrieden die Schulung verlassen.<\/p><\/blockquote>\n\n\n\n<div class=\"wp-block-image\"><figure class=\"alignright\"><a href=\"https:\/\/www.bcscad.de\" target=\"_blank\" rel=\"noreferrer noopener\"><img decoding=\"async\" width=\"193\" height=\"72\" src=\"https:\/\/arch-e-motion.de\/wp-content\/uploads\/2020\/04\/bcs_logo.jpg\" alt=\"\" class=\"wp-image-266\"\/><\/a><\/figure><\/div>\n\n\n\n<p>In Verbindung mit meinem Partner BCS CAD Information Technologies in Dresden, haben Sie weiterhin den Vorteil, ein von Autodesk zertifiziertes Schulungscenter mit gepr\u00fcften Trainern an Ihrer Seite zu wissen und erhalten nach Teilnahme ein Zertifikat von Autodesk.<\/p>\n\n\n\n<figure class=\"wp-block-gallery columns-2 is-cropped wp-block-gallery-2 is-layout-flex wp-block-gallery-is-layout-flex\"><ul class=\"blocks-gallery-grid\"><li class=\"blocks-gallery-item\"><figure><img loading=\"lazy\" decoding=\"async\" width=\"1024\" height=\"535\" src=\"https:\/\/arch-e-motion.de\/wp-content\/uploads\/2020\/04\/revit01-1024x535.jpg\" alt=\"\" data-id=\"272\" data-link=\"https:\/\/arch-e-motion.de\/?attachment_id=272\" class=\"wp-image-272\" srcset=\"https:\/\/arch-e-motion.de\/wp-content\/uploads\/2020\/04\/revit01-1024x535.jpg 1024w, https:\/\/arch-e-motion.de\/wp-content\/uploads\/2020\/04\/revit01-300x157.jpg 300w, https:\/\/arch-e-motion.de\/wp-content\/uploads\/2020\/04\/revit01-768x401.jpg 768w, https:\/\/arch-e-motion.de\/wp-content\/uploads\/2020\/04\/revit01.jpg 1188w\" sizes=\"(max-width: 1024px) 100vw, 1024px\" \/><\/figure><\/li><li class=\"blocks-gallery-item\"><figure><img loading=\"lazy\" decoding=\"async\" width=\"1024\" height=\"597\" src=\"https:\/\/arch-e-motion.de\/wp-content\/uploads\/2020\/04\/revit02-1024x597.jpg\" alt=\"\" data-id=\"276\" data-link=\"https:\/\/arch-e-motion.de\/?attachment_id=276\" class=\"wp-image-276\" srcset=\"https:\/\/arch-e-motion.de\/wp-content\/uploads\/2020\/04\/revit02-1024x597.jpg 1024w, https:\/\/arch-e-motion.de\/wp-content\/uploads\/2020\/04\/revit02-300x175.jpg 300w, https:\/\/arch-e-motion.de\/wp-content\/uploads\/2020\/04\/revit02-768x448.jpg 768w, https:\/\/arch-e-motion.de\/wp-content\/uploads\/2020\/04\/revit02.jpg 1562w\" sizes=\"(max-width: 1024px) 100vw, 1024px\" \/><\/figure><\/li><\/ul><\/figure>\n\n\n\n<blockquote class=\"wp-block-quote is-layout-flow wp-block-quote-is-layout-flow\"><p>Wir bieten entweder geschlossene Firmenschulungen, welche dann auch ganz individuell gestaltet werden k\u00f6nnen, oder offene Kurse wo sich verschiedene Firmen aus gleichen oder \u00e4hnlichen Bereichen zusammenfinden.<\/p><p>Egal ob Wohn-\/B\u00fcrogeb\u00e4ude, Industriehalle, K\u00fcchenplanung, Fensterhersteller, Tragwerks-\/Schalplaner oder als TGA-Planer&#8230; bei uns sind Sie an der richtigen Adresse.<\/p><\/blockquote>\n\n\n\n<p>Bei weiteren Fragen k\u00f6nnen Sie sich gerne an mich wenden und wir finden eine L\u00f6sung. <\/p>\n","protected":false},"excerpt":{"rendered":"<p>Softwareschulungen gibt es teilweise wie Sand am Meer, aber es ist bei weitem nicht jeder ausreichend qualifiziert f\u00fcr diese Aufgabe. Nur weil man z.B. Architekt ist und Fachwissen besitzt, bedeutet es nicht das man ein bestimmtes Programm ausreichend gut beherrscht oder was noch wichtiger ist, selbst wenn man ein richtiges Ass in einem Programm ist, [&hellip;]<\/p>\n","protected":false},"author":1,"featured_media":0,"parent":2,"menu_order":2,"comment_status":"closed","ping_status":"closed","template":"","meta":{"_acf_changed":false,"ngg_post_thumbnail":0,"pgc_sgb_lightbox_settings":"","footnotes":""},"class_list":["post-110","page","type-page","status-publish","hentry"],"acf":[],"_links":{"self":[{"href":"https:\/\/arch-e-motion.de\/index.php?rest_route=\/wp\/v2\/pages\/110","targetHints":{"allow":["GET"]}}],"collection":[{"href":"https:\/\/arch-e-motion.de\/index.php?rest_route=\/wp\/v2\/pages"}],"about":[{"href":"https:\/\/arch-e-motion.de\/index.php?rest_route=\/wp\/v2\/types\/page"}],"author":[{"embeddable":true,"href":"https:\/\/arch-e-motion.de\/index.php?rest_route=\/wp\/v2\/users\/1"}],"replies":[{"embeddable":true,"href":"https:\/\/arch-e-motion.de\/index.php?rest_route=%2Fwp%2Fv2%2Fcomments&post=110"}],"version-history":[{"count":16,"href":"https:\/\/arch-e-motion.de\/index.php?rest_route=\/wp\/v2\/pages\/110\/revisions"}],"predecessor-version":[{"id":528,"href":"https:\/\/arch-e-motion.de\/index.php?rest_route=\/wp\/v2\/pages\/110\/revisions\/528"}],"up":[{"embeddable":true,"href":"https:\/\/arch-e-motion.de\/index.php?rest_route=\/wp\/v2\/pages\/2"}],"wp:attachment":[{"href":"https:\/\/arch-e-motion.de\/index.php?rest_route=%2Fwp%2Fv2%2Fmedia&parent=110"}],"curies":[{"name":"wp","href":"https:\/\/api.w.org\/{rel}","templated":true}]}}